{"id":929,"date":"2017-12-09T10:40:50","date_gmt":"2017-12-09T10:40:50","guid":{"rendered":"http:\/\/iqs-ltd.com\/?page_id=929"},"modified":"2023-12-01T06:53:11","modified_gmt":"2023-12-01T06:53:11","slug":"accreditation","status":"publish","type":"page","link":"https:\/\/iqs-ltd.com\/fr\/accreditation\/","title":{"rendered":"L'accr\u00e9ditation"},"content":{"rendered":"<p style=\"text-align: center;\"><strong>IQS International\u00a0 is a fully<\/strong> Accredited certification body we have been accredited by the most important Accreditation bodies :<\/p>\n<p><!--more--><\/p>\n<p><strong>Accreditation Program \/ Standards<\/strong><\/p>\n<p>Management Systems Certification\u00a0\u00a0 ISO\/IEC 17021-1<\/p>\n<p>Personnel Certification \u00a0ISO\/IEC 17024 and Training<\/p>\n<p>Inspection\u00a0 ISO\/IEC 17020<\/p>\n<p>Product Certification\u00a0 ISO\/IEC 17065<\/p>\n<p>validation and verification\u00a0 ISO\/IEC 17029<\/p>\n<p>Testing\u00a0 and Calibration ISO\/IEC 17025<\/p>\n<p>Proficiency Testing Provider\u00a0 ISO\/IEC 17043: 2010<\/p>\n<p><strong>Accreditation bodies\/accredited<\/strong><\/p>\n<p>member of International Accreditation Forum (IAF)<\/p>\n<p><strong>Egyptian Accreditation Council (EGAC)<\/strong><\/p>\n<p><strong>Food Safety Management System (FSSC 22000)<\/strong><\/p>\n<p>member of International Accreditation Union (IAU)<\/p>\n<p>International Quality Management System (IQMS) \u2013 IQMS Accreditation<\/p>\n<p>International Accreditation System (IAS)<\/p>\n<p>International Accreditation Board (IAB)<\/p>\n<p>Public Accreditation Center (PAC)<\/p>\n<p>HALAL GLOBAL ASSOCIATION (HGA)<\/p>\n<p>GLOBAL PERSONNEL CERTIFICATION \u00a0(GPC)<\/p>\n<p>INTERNATIONAL TRAINING ACADEMY \u00a0( ITA)<\/p>\n<p>Exemplar Global<\/p>\n<p>CQI and IRCA<\/p>","protected":false},"excerpt":{"rendered":"<p>QI International est pleinement un organisme de certification Accr\u00e9dit\u00e9, nous avons \u00e9t\u00e9 accr\u00e9dit\u00e9s par les plus importants organismes d'Accr\u00e9ditation :<\/p>","protected":false},"author":1,"featured_media":0,"parent":0,"menu_order":0,"comment_status":"closed","ping_status":"closed","template":"","meta":{"footnotes":""},"class_list":["post-929","page","type-page","status-publish","hentry"],"_links":{"self":[{"href":"https:\/\/iqs-ltd.com\/fr\/wp-json\/wp\/v2\/pages\/929","targetHints":{"allow":["GET"]}}],"collection":[{"href":"https:\/\/iqs-ltd.com\/fr\/wp-json\/wp\/v2\/pages"}],"about":[{"href":"https:\/\/iqs-ltd.com\/fr\/wp-json\/wp\/v2\/types\/page"}],"author":[{"embeddable":true,"href":"https:\/\/iqs-ltd.com\/fr\/wp-json\/wp\/v2\/users\/1"}],"replies":[{"embeddable":true,"href":"https:\/\/iqs-ltd.com\/fr\/wp-json\/wp\/v2\/comments?post=929"}],"version-history":[{"count":19,"href":"https:\/\/iqs-ltd.com\/fr\/wp-json\/wp\/v2\/pages\/929\/revisions"}],"predecessor-version":[{"id":5986,"href":"https:\/\/iqs-ltd.com\/fr\/wp-json\/wp\/v2\/pages\/929\/revisions\/5986"}],"wp:attachment":[{"href":"https:\/\/iqs-ltd.com\/fr\/wp-json\/wp\/v2\/media?parent=929"}],"curies":[{"name":"wp","href":"https:\/\/api.w.org\/{rel}","templated":true}]}}