{"id":17,"date":"2017-02-08T12:53:21","date_gmt":"2017-02-08T12:53:21","guid":{"rendered":"http:\/\/localhost\/iqs\/?page_id=17"},"modified":"2025-12-06T11:59:41","modified_gmt":"2025-12-06T11:59:41","slug":"about-us","status":"publish","type":"page","link":"https:\/\/iqs-ltd.com\/fr\/about-us\/","title":{"rendered":"\u00c0 Propos De Nous"},"content":{"rendered":"<p><strong>QI International <\/strong>is a fully accredited, third party certification body providing certification of Quality Management Systems<!--more--> (ISO 9001), Environmental Management Systems (ISO 14001), Food Safety Management Systems (ISO 22000 and HACCP) and Safety Management Systems (OHSAS 18001).<\/p>\n<p>The Company was established \u00a0and now operates throughout United Kingdom, Asia, the Middle East, Western Europe and Africa. In addition to ISO certification, <strong>QI International<\/strong>\u00a0also certifies a number of other management systems including QHSE and other industry specific and small business management system standards.<\/p>\n<p><strong>QI International <\/strong>was developed following a demand from the business community for a local, customer focused company to assist in third party certification.<strong> QI International <\/strong>\u00a0was developed and the Company commenced operations. The Company was formally accredited by the International Quality Management System (<strong>IQMS<\/strong>). .<\/p>\n<p>Now, <strong>QI International<\/strong> is the fastest growing certification body in the world. <strong>QI International<\/strong>\u00a0a broad cross section of business clients from all sectors of industry and can provide certification to companies and organizations anywhere in the world.<\/p>\n<p><img loading=\"lazy\" decoding=\"async\" class=\"alignnone  wp-image-7525 aligncenter\" src=\"https:\/\/iqs-ltd.com\/wp-content\/uploads\/2025\/12\/IQMS-New-LOGO-small-300x108.png\" alt=\"\" width=\"150\" height=\"54\" srcset=\"https:\/\/iqs-ltd.com\/wp-content\/uploads\/2025\/12\/IQMS-New-LOGO-small-300x108.png 300w, https:\/\/iqs-ltd.com\/wp-content\/uploads\/2025\/12\/IQMS-New-LOGO-small-768x276.png 768w, https:\/\/iqs-ltd.com\/wp-content\/uploads\/2025\/12\/IQMS-New-LOGO-small.png 800w\" sizes=\"auto, (max-width: 150px) 100vw, 150px\" \/>\u00a0 \u00a0 \u00a0 \u00a0 \u00a0 \u00a0 \u00a0<img loading=\"lazy\" decoding=\"async\" class=\"alignnone  wp-image-7524 aligncenter\" src=\"https:\/\/iqs-ltd.com\/wp-content\/uploads\/2025\/12\/Ias-1-300x300.png\" alt=\"\" width=\"92\" height=\"92\" \/>\u00a0 \u00a0 \u00a0 \u00a0 \u00a0 \u00a0<img loading=\"lazy\" decoding=\"async\" class=\"alignnone  wp-image-6106 aligncenter\" src=\"http:\/\/iqs-ltd.com\/wp-content\/uploads\/2024\/01\/egac-250x300.png\" alt=\"\" width=\"72\" height=\"86\" srcset=\"https:\/\/iqs-ltd.com\/wp-content\/uploads\/2024\/01\/egac-250x300.png 250w, https:\/\/iqs-ltd.com\/wp-content\/uploads\/2024\/01\/egac.png 300w\" sizes=\"auto, (max-width: 72px) 100vw, 72px\" \/> <img loading=\"lazy\" decoding=\"async\" class=\"alignnone  wp-image-6107 aligncenter\" src=\"http:\/\/iqs-ltd.com\/wp-content\/uploads\/2024\/01\/ilac-300x300.png\" alt=\"\" width=\"90\" height=\"90\" srcset=\"https:\/\/iqs-ltd.com\/wp-content\/uploads\/2024\/01\/ilac-300x300.png 300w, https:\/\/iqs-ltd.com\/wp-content\/uploads\/2024\/01\/ilac-150x150.png 150w, https:\/\/iqs-ltd.com\/wp-content\/uploads\/2024\/01\/ilac.png 303w\" sizes=\"auto, (max-width: 90px) 100vw, 90px\" \/>\u00a0 \u00a0 \u00a0 \u00a0 <img loading=\"lazy\" decoding=\"async\" class=\"alignnone  wp-image-6108 aligncenter\" src=\"http:\/\/iqs-ltd.com\/wp-content\/uploads\/2024\/01\/IMS-International-IAF-Logo-300x187.jpg\" alt=\"\" width=\"124\" height=\"77\" srcset=\"https:\/\/iqs-ltd.com\/wp-content\/uploads\/2024\/01\/IMS-International-IAF-Logo-300x187.jpg 300w, https:\/\/iqs-ltd.com\/wp-content\/uploads\/2024\/01\/IMS-International-IAF-Logo-1024x639.jpg 1024w, https:\/\/iqs-ltd.com\/wp-content\/uploads\/2024\/01\/IMS-International-IAF-Logo-768x479.jpg 768w, https:\/\/iqs-ltd.com\/wp-content\/uploads\/2024\/01\/IMS-International-IAF-Logo-1536x958.jpg 1536w, https:\/\/iqs-ltd.com\/wp-content\/uploads\/2024\/01\/IMS-International-IAF-Logo-2048x1277.jpg 2048w\" sizes=\"auto, (max-width: 124px) 100vw, 124px\" \/><\/p>\n<p><img loading=\"lazy\" decoding=\"async\" class=\"wp-image-7527 aligncenter\" src=\"https:\/\/iqs-ltd.com\/wp-content\/uploads\/2025\/12\/IAU-1.png\" alt=\"\" width=\"132\" height=\"81\" \/><\/p>\n<p><strong>Company Vision<\/strong><\/p>\n<p>To facilitate international trade through third party certification and auditing\/inspection services.<\/p>\n<p><strong>Business Objective<\/strong><\/p>\n<p>To provide a reliable, no nonsense and simple auditing, inspection and certification process for organizations to assist in meeting their business objectives and continual improvement.<\/p>\n<p><strong>Company Goals<\/strong><\/p>\n<ul>\n<li>We will offer excellent customer service and support to ensure we are known as the most customer focused certification body.<\/li>\n<li>We will maintain internationally recognized accreditation.<\/li>\n<li>We will ensure we are accredited to provide certification of all major management system disciplines.<\/li>\n<li>We will offer the most acceptable alternative to the ISO Series for management system certification of smaller companies.<\/li>\n<li>We will strive to ensure the\u00a0<strong>International\u00a0Quality Services<\/strong>\u00a0Certification Mark is more recognized than other competitors in the world.<\/li>\n<\/ul>\n<p><strong>Our Certification Mark<\/strong><\/p>\n<p>Once certified, clients can display our Certification Mark to promote and demonstrate compliance with international standards.<\/p>\n<p>Our global Certification Mark consists of a symbol of the world with a bold colored tick symbolizing quality, environmental, food safety or OH&amp;S. The Global Certification Mark is subscripted with the phrase &#8220;Quality Certified&#8221;, &#8220;Environmentally Certified&#8221;, &#8220;Food Safety Certified&#8221; or &#8220;Safety Certified&#8221; indicating compliance with the relevant Standard.<\/p>\n<h2><strong>Why IQS International<\/strong><strong>\u00a0&#8211; what are the advantages?<\/strong><\/h2>\n<h2><\/h2>\n<p><strong>IQS International\u2019s <\/strong>philosophy is to work in\u00a0<strong>partnership<\/strong>\u00a0with our clients to present a professional auditing &amp; certification service that ensure compliance to the relevant standards, facilitates\u00a0<strong>continual improvement<\/strong>\u00a0&amp;\u00a0<strong>adds value<\/strong>\u00a0to the business.<\/p>\n<p><strong>IQS International provides<\/strong>\u00a0a\u00a0<strong>no-nonsense, practical approach<\/strong>\u00a0to interpreting your management system in accordance with the requirements of the appropriate Standard. We are dedicated to providing total customer satisfaction while maintaining a credible, logical understanding of the Standards and an appreciation of your Company&#8217;s needs.<\/p>\n<p>At <strong>QI International<\/strong>\u00a0we strive to retain\u00a0<strong>simplicity<\/strong>\u00a0in the audit process &amp; set the highest priority on client requirements in a partnership relationship.<\/p>\n<p><strong>QI International <\/strong>assures your certification will be accepted\u00a0<strong>worldwide.<\/strong><\/p>\n<p><strong>QI International <\/strong>certification marks are able to be\u00a0<strong>displayed<\/strong>\u00a0on marketing &amp; promotional material.<\/p>\n<p><strong>QI International <\/strong>employs carefully\u00a0<strong>selected auditors<\/strong>\u00a0who have had extensive business experience, who understand business demands and who are qualified Auditors.<\/p>\n<p><strong>IQS International o<\/strong>ffers a cost\u00a0<strong>effective service<\/strong>\u00a0designed to be attractive to all companies and, in particular, those small companies which comprise the majority of our business structure within the word.<\/p>\n<p><strong>IQS International responds<\/strong>, our auditors are available to visit at your convenience for a no obligation, free quotation and to explain what services are available prior to your formal application for registration.<\/p>\n<p><strong>QI International <\/strong>services are available\u00a0<strong>when required<\/strong>\u00a0and will fit into your timetable for inspection audits and final assessment.<\/p>\n<p><strong>QI International <\/strong>conducts regular surveillance audits scheduled to conform with your\u00a0<strong>availability<\/strong>.<\/p>\n<p><strong>QI International <\/strong>was initially developed to provide the market with a readily available alternative to the larger, more bureaucratic companies. We offer\u00a0<strong>prompt service<\/strong>\u00a0with a\u00a0<strong>practical application<\/strong>\u00a0at a real\u00a0<strong>cost advantage.<\/strong><\/p>\n<p><strong>QI International <\/strong>processes\u00a0<strong>certification faster<\/strong>\u00a0than any other certification body.<\/p>\n<p><strong>QI International <\/strong>promote your certification through the E-certification on our international website.<\/p>\n<p><strong>IQS International, an international company, Officially registered, as a certification body, is a third party for auditing, in many countries of the world, to name a few. British Kingdom, United States,Sweden, Cyprus, United Arab Emirates, Ukraine, Egypt, Lebanon<\/strong><\/p>\n<p><strong>Our services include:<\/strong><\/p>\n<ul>\n<li><strong>Auditing and Certification against:<\/strong><\/li>\n<li>ISO 9001 (Quality Management Systems)<\/li>\n<li>ISO 22000 (Food Safety Management Systems)<\/li>\n<li>CE(products sold within the European Economic Area (EEA))<\/li>\n<li>HACCP (Food Safety)<\/li>\n<li>Good Manufacturing Practices GMP<\/li>\n<li>ISO 14001 (Environmental Management Systems)<\/li>\n<li>OHSAS 18001 and AS 4801 (Safety Management Systems)<\/li>\n<li>ISO 13485 (Quality Management Systems for medical device manufacturers)<\/li>\n<li>ISO 27001 (Security Management Systems)<\/li>\n<li>ISO 26000 \/ SA 8000 (Social Responsibility)<\/li>\n<li>ISO\/TS 29001 (Petrochemical)<\/li>\n<li>ISO 10002 (Customer Satisfaction)<\/li>\n<li>QHSE Code (Quality, Health, Safety &amp; Environmental Management System)<\/li>\n<li>Small Business Quality Management Code SBQMC<\/li>\n<li>ISO 50001 (Energy Management Systems<\/li>\n<li>MSC certification for well managed and sustainable fisheries<\/li>\n<li>MSC Chain of Custody certification.<\/li>\n<li><strong>Second Party Auditing<\/strong>(auditing against customers&#8217; specifications).<\/li>\n<li><strong>Supplier Assessment<\/strong>(assessment of suppliers to major customers &amp; mystery assessment ).<\/li>\n<li><strong>Training And Certifications For Quality Courses<\/strong><\/li>\n<\/ul>\n<p style=\"text-align: center;\"><img loading=\"lazy\" decoding=\"async\" class=\"alignnone wp-image-132\" src=\"http:\/\/iqs-ltd.com\/wp-content\/uploads\/2017\/02\/image-services-02-1024x640.jpg\" alt=\"\" width=\"540\" height=\"337\" \/><\/p>","protected":false},"excerpt":{"rendered":"<p>QI International est enti\u00e8rement accr\u00e9dit\u00e9, tiers organisme de certification fournissant la certification de Syst\u00e8mes de Gestion de Qualit\u00e9<\/p>","protected":false},"author":1,"featured_media":0,"parent":0,"menu_order":0,"comment_status":"closed","ping_status":"closed","template":"","meta":{"footnotes":""},"class_list":["post-17","page","type-page","status-publish","hentry"],"_links":{"self":[{"href":"https:\/\/iqs-ltd.com\/fr\/wp-json\/wp\/v2\/pages\/17","targetHints":{"allow":["GET"]}}],"collection":[{"href":"https:\/\/iqs-ltd.com\/fr\/wp-json\/wp\/v2\/pages"}],"about":[{"href":"https:\/\/iqs-ltd.com\/fr\/wp-json\/wp\/v2\/types\/page"}],"author":[{"embeddable":true,"href":"https:\/\/iqs-ltd.com\/fr\/wp-json\/wp\/v2\/users\/1"}],"replies":[{"embeddable":true,"href":"https:\/\/iqs-ltd.com\/fr\/wp-json\/wp\/v2\/comments?post=17"}],"version-history":[{"count":17,"href":"https:\/\/iqs-ltd.com\/fr\/wp-json\/wp\/v2\/pages\/17\/revisions"}],"predecessor-version":[{"id":7530,"href":"https:\/\/iqs-ltd.com\/fr\/wp-json\/wp\/v2\/pages\/17\/revisions\/7530"}],"wp:attachment":[{"href":"https:\/\/iqs-ltd.com\/fr\/wp-json\/wp\/v2\/media?parent=17"}],"curies":[{"name":"wp","href":"https:\/\/api.w.org\/{rel}","templated":true}]}}