{"id":108,"date":"2017-02-08T15:13:38","date_gmt":"2017-02-08T15:13:38","guid":{"rendered":"http:\/\/localhost\/iqs\/?page_id=108"},"modified":"2024-11-24T12:18:22","modified_gmt":"2024-11-24T12:18:22","slug":"search-certification","status":"publish","type":"page","link":"https:\/\/iqs-ltd.com\/fr\/search-certification\/","title":{"rendered":"Recherche De Certification"},"content":{"rendered":"<p style=\"text-align: center;\"><strong>This certificate verifies the original certificate issued and is valid as long as it is displayed as an electronic copy and surveillance audits are satisfactorily completed<\/strong><\/p>\n\n<form role=\"search\" method=\"get\" action=\"https:\/\/iqs-ltd.com\/fr\/\" class=\"wp-block-search__button-outside wp-block-search__text-button alignleft wp-block-search\" data-trp-original-action=\"https:\/\/iqs-ltd.com\/fr\/\"    ><label class=\"wp-block-search__label\" for=\"wp-block-search__input-1\" >certification number or <strong> ID<\/strong><\/label><div class=\"wp-block-search__inside-wrapper\" ><input class=\"wp-block-search__input\" id=\"wp-block-search__input-1\" placeholder=\"\" value=\"\" type=\"search\" name=\"s\" required \/><button aria-label=\"Search\" class=\"wp-block-search__button wp-element-button\" type=\"submit\" >Search<\/button><\/div><input type=\"hidden\" name=\"trp-form-language\" value=\"fr\"\/><\/form>\n\n\n<p><\/p>\n\n\n\n<p><\/p>\n\n\n\n<p><\/p>\n\n\n\n<p><\/p>\n\n\n\n<p><\/p>\n\n\n\n<p class=\"has-text-align-center\"><strong>If you have any queries regarding the certification please feel free to<\/strong><\/p>\n\n\n\n<p class=\"has-text-align-center\"><strong> contact us at qm@iqs-ltd.com<\/strong><\/p>","protected":false},"excerpt":{"rendered":"<p>Ce certificat atteste que le certificat d'origine d\u00e9livr\u00e9 et est valide tant qu'elle est affich\u00e9e comme une copie \u00e9lectronique et les audits de surveillance sont compl\u00e9t\u00e9es de fa\u00e7on satisfaisante Si vous avez des questions concernant la certification, n'h\u00e9sitez pas \u00e0 nous contacter... <\/p>","protected":false},"author":1,"featured_media":0,"parent":0,"menu_order":1,"comment_status":"closed","ping_status":"closed","template":"","meta":{"footnotes":""},"class_list":["post-108","page","type-page","status-publish","hentry"],"_links":{"self":[{"href":"https:\/\/iqs-ltd.com\/fr\/wp-json\/wp\/v2\/pages\/108","targetHints":{"allow":["GET"]}}],"collection":[{"href":"https:\/\/iqs-ltd.com\/fr\/wp-json\/wp\/v2\/pages"}],"about":[{"href":"https:\/\/iqs-ltd.com\/fr\/wp-json\/wp\/v2\/types\/page"}],"author":[{"embeddable":true,"href":"https:\/\/iqs-ltd.com\/fr\/wp-json\/wp\/v2\/users\/1"}],"replies":[{"embeddable":true,"href":"https:\/\/iqs-ltd.com\/fr\/wp-json\/wp\/v2\/comments?post=108"}],"version-history":[{"count":37,"href":"https:\/\/iqs-ltd.com\/fr\/wp-json\/wp\/v2\/pages\/108\/revisions"}],"predecessor-version":[{"id":6795,"href":"https:\/\/iqs-ltd.com\/fr\/wp-json\/wp\/v2\/pages\/108\/revisions\/6795"}],"wp:attachment":[{"href":"https:\/\/iqs-ltd.com\/fr\/wp-json\/wp\/v2\/media?parent=108"}],"curies":[{"name":"wp","href":"https:\/\/api.w.org\/{rel}","templated":true}]}}